{"id":57,"date":"2020-08-12T06:43:26","date_gmt":"2020-08-12T06:43:26","guid":{"rendered":"https:\/\/safetycar.nrw\/?page_id=57"},"modified":"2025-01-06T09:59:51","modified_gmt":"2025-01-06T09:59:51","slug":"preisliste","status":"publish","type":"page","link":"https:\/\/safetycar.nrw\/?page_id=57","title":{"rendered":"Preisliste"},"content":{"rendered":"<div data-colibri-id=\"57-c1\" class=\"style-476 style-local-57-c1 position-relative\">\n  <!---->\n  <div data-colibri-component=\"section\" data-colibri-id=\"57-c2\" id=\"overlappable\" class=\"h-section h-section-global-spacing d-flex align-items-lg-center align-items-md-center align-items-center style-564 style-local-57-c2 position-relative\">\n    <!---->\n    <!---->\n    <div class=\"h-section-grid-container h-section-boxed-container\">\n      <!---->\n      <div data-colibri-id=\"57-c3\" class=\"h-row-container gutters-row-lg-0 gutters-row-md-0 gutters-row-2 gutters-row-v-lg-0 gutters-row-v-md-0 gutters-row-v-2 style-565 style-local-57-c3 position-relative\">\n        <!---->\n        <div class=\"h-row justify-content-lg-center justify-content-md-center justify-content-center align-items-lg-stretch align-items-md-stretch align-items-stretch gutters-col-lg-0 gutters-col-md-0 gutters-col-2 gutters-col-v-lg-0 gutters-col-v-md-0 gutters-col-v-2\">\n          <!---->\n          <div class=\"h-column h-column-container d-flex h-col-lg-4 h-col-md-4 h-col-12 style-566-outer style-local-57-c4-outer\">\n            <div data-colibri-id=\"57-c4\" class=\"d-flex h-flex-basis h-column__inner h-px-lg-3 h-px-md-3 h-px-2 v-inner-lg-3 v-inner-md-3 v-inner-2 style-566 style-local-57-c4 position-relative\">\n              <!---->\n              <!---->\n              <div class=\"w-100 h-y-container h-column__content h-column__v-align flex-basis-100 align-self-lg-center align-self-md-center align-self-center\">\n                <!---->\n                <div data-colibri-id=\"57-c5\" class=\"h-icon style-567 style-local-57-c5 position-relative h-element\">\n                  <!----><span class=\"h-svg-icon h-icon__icon style-567-icon style-local-57-c5-icon\"><!--Icon by Icons8 Line Awesome (https:\/\/icons8.com\/line-awesome)--><svg version=\"1.1\" xmlns=\"http:\/\/www.w3.org\/2000\/svg\" xmlns:xlink=\"http:\/\/www.w3.org\/1999\/xlink\" id=\"check\" viewBox=\"0 0 512 545.5\"><path d=\"M452.5 132.5l23 23-288 288-11.5 11-11.5-11-128-128 23-23L176 409z\"><\/path><\/svg><\/span><\/div>\n                <div\n                  data-colibri-id=\"57-c6\" class=\"h-global-transition-all h-heading style-568 style-local-57-c6 position-relative h-element\">\n                  <!---->\n                  <div class=\"h-heading__outer style-568 style-local-57-c6\">\n                    <!---->\n                    <!---->\n                    <h5 class=\"\">HU ohne UMA f\u00fcr PKW<\/h5>\n                  <\/div>\n              <\/div>\n              <div data-colibri-id=\"57-c7\" class=\"h-text h-text-component style-569 style-local-57-c7 position-relative h-element\">\n                <!---->\n                <!---->\n                <div class=\"\">\n                  <p>amtliche Geb\u00fchr ab 01.02.2025<\/p>\n                  <p>104,00 EUR<\/p>\n                  <p>Bis 3,5 t. zGM<\/p>\n                <\/div>\n              <\/div>\n            <\/div>\n          <\/div>\n        <\/div>\n        <div class=\"h-column h-column-container d-flex h-col-lg-4 h-col-md-4 h-col-12 style-566-outer style-local-57-c8-outer\">\n          <div data-colibri-id=\"57-c8\" class=\"d-flex h-flex-basis h-column__inner h-px-lg-3 h-px-md-3 h-px-2 v-inner-lg-3 v-inner-md-3 v-inner-2 style-566 style-local-57-c8 position-relative\">\n            <!---->\n            <!---->\n            <div class=\"w-100 h-y-container h-column__content h-column__v-align flex-basis-100 align-self-lg-center align-self-md-center align-self-center\">\n              <!---->\n              <div data-colibri-id=\"57-c9\" class=\"h-icon style-567 style-local-57-c9 position-relative h-element\">\n                <!----><span class=\"h-svg-icon h-icon__icon style-567-icon style-local-57-c9-icon\"><!--Icon by Icons8 Line Awesome (https:\/\/icons8.com\/line-awesome)--><svg version=\"1.1\" xmlns=\"http:\/\/www.w3.org\/2000\/svg\" xmlns:xlink=\"http:\/\/www.w3.org\/1999\/xlink\" id=\"check\" viewBox=\"0 0 512 545.5\"><path d=\"M452.5 132.5l23 23-288 288-11.5 11-11.5-11-128-128 23-23L176 409z\"><\/path><\/svg><\/span><\/div>\n              <div\n                data-colibri-id=\"57-c10\" class=\"h-global-transition-all h-heading style-568 style-local-57-c10 position-relative h-element\">\n                <!---->\n                <div class=\"h-heading__outer style-568 style-local-57-c10\">\n                  <!---->\n                  <!---->\n                  <h5 class=\"\">HU incl. UMA<\/h5>\n                <\/div>\n            <\/div>\n            <div data-colibri-id=\"57-c11\" class=\"h-text h-text-component style-569 style-local-57-c11 position-relative h-element\">\n              <!---->\n              <!---->\n              <div class=\"\">\n                <p>amtliche Geb\u00fchr ab 01.02.2025<\/p>\n                <p>159,00 EUR<\/p>\n                <p>f\u00fcr Fzg. mit\/ohne OBD bis 3,5 t. zGM<\/p>\n              <\/div>\n            <\/div>\n          <\/div>\n        <\/div>\n      <\/div>\n      <div class=\"h-column h-column-container d-flex h-col-lg-4 h-col-md-4 h-col-12 style-566-outer style-local-57-c12-outer\">\n        <div data-colibri-id=\"57-c12\" class=\"d-flex h-flex-basis h-column__inner h-px-lg-3 h-px-md-3 h-px-2 v-inner-lg-3 v-inner-md-3 v-inner-2 style-566 style-local-57-c12 position-relative\">\n          <!---->\n          <!---->\n          <div class=\"w-100 h-y-container h-column__content h-column__v-align flex-basis-100 align-self-lg-center align-self-md-center align-self-center\">\n            <!---->\n            <div data-colibri-id=\"57-c13\" class=\"h-icon style-567 style-local-57-c13 position-relative h-element\">\n              <!----><span class=\"h-svg-icon h-icon__icon style-567-icon style-local-57-c13-icon\"><!--Icon by Icons8 Line Awesome (https:\/\/icons8.com\/line-awesome)--><svg version=\"1.1\" xmlns=\"http:\/\/www.w3.org\/2000\/svg\" xmlns:xlink=\"http:\/\/www.w3.org\/1999\/xlink\" id=\"check\" viewBox=\"0 0 512 545.5\"><path d=\"M452.5 132.5l23 23-288 288-11.5 11-11.5-11-128-128 23-23L176 409z\"><\/path><\/svg><\/span><\/div>\n            <div\n              data-colibri-id=\"57-c14\" class=\"h-global-transition-all h-heading style-568 style-local-57-c14 position-relative h-element\">\n              <!---->\n              <div class=\"h-heading__outer style-568 style-local-57-c14\">\n                <!---->\n                <!---->\n                <h5 class=\"\">HU f\u00fcr Krad ohne AUK<\/h5>\n              <\/div>\n          <\/div>\n          <div data-colibri-id=\"57-c15\" class=\"h-text h-text-component style-569 style-local-57-c15 position-relative h-element\">\n            <!---->\n            <!---->\n            <div class=\"\">\n              <p>amtliche Geb\u00fchr ab 01.02.2025<\/p>\n              <p>67,00 EUR<\/p>\n              <p>Krad<\/p>\n            <\/div>\n          <\/div>\n        <\/div>\n      <\/div>\n    <\/div>\n  <\/div>\n<\/div>\n<\/div>\n<\/div>\n<div data-colibri-component=\"section\" data-colibri-id=\"57-c20\" id=\"overlappable-2\" class=\"h-section h-section-global-spacing d-flex align-items-lg-center align-items-md-center align-items-center style-575 style-local-57-c20 position-relative\">\n  <!---->\n  <!---->\n  <div class=\"h-section-grid-container h-section-boxed-container\">\n    <!---->\n    <div data-colibri-id=\"57-c21\" class=\"h-row-container gutters-row-lg-0 gutters-row-md-0 gutters-row-2 gutters-row-v-lg-0 gutters-row-v-md-0 gutters-row-v-2 style-576 style-local-57-c21 position-relative\">\n      <!---->\n      <div class=\"h-row justify-content-lg-center justify-content-md-center justify-content-center align-items-lg-stretch align-items-md-stretch align-items-stretch gutters-col-lg-0 gutters-col-md-0 gutters-col-2 gutters-col-v-lg-0 gutters-col-v-md-0 gutters-col-v-2\">\n        <!---->\n        <div class=\"h-column h-column-container d-flex h-col-lg-4 h-col-md-4 h-col-12 style-577-outer style-local-57-c22-outer\">\n          <div data-colibri-id=\"57-c22\" class=\"d-flex h-flex-basis h-column__inner h-px-lg-1 h-px-md-3 h-px-2 v-inner-lg-1 v-inner-md-3 v-inner-2 style-577 style-local-57-c22 position-relative\">\n            <!---->\n            <!---->\n            <div class=\"w-100 h-y-container h-column__content h-column__v-align flex-basis-100 align-self-lg-center align-self-md-center align-self-center\">\n              <!---->\n              <div data-colibri-id=\"57-c23\" class=\"h-icon style-578 style-local-57-c23 position-relative h-element\">\n                <!----><span class=\"h-svg-icon h-icon__icon style-578-icon style-local-57-c23-icon\"><!--Icon by Icons8 Line Awesome (https:\/\/icons8.com\/line-awesome)--><svg version=\"1.1\" xmlns=\"http:\/\/www.w3.org\/2000\/svg\" xmlns:xlink=\"http:\/\/www.w3.org\/1999\/xlink\" id=\"check\" viewBox=\"0 0 512 545.5\"><path d=\"M452.5 132.5l23 23-288 288-11.5 11-11.5-11-128-128 23-23L176 409z\"><\/path><\/svg><\/span><\/div>\n              <div\n                data-colibri-id=\"57-c24\" class=\"h-global-transition-all h-heading style-579 style-local-57-c24 position-relative h-element\">\n                <!---->\n                <div class=\"h-heading__outer style-579 style-local-57-c24\">\n                  <!---->\n                  <!---->\n                  <h5 class=\"\">HU f\u00fcr Krad mit AUK<\/h5>\n                <\/div>\n            <\/div>\n            <div data-colibri-id=\"57-c25\" class=\"h-text h-text-component style-580 style-local-57-c25 position-relative h-element\">\n              <!---->\n              <!---->\n              <div class=\"\">\n                <p>amtliche Geb\u00fchr ab 01.02.2025<\/p>\n                <p>98,00 EUR<\/p>\n                <p>Krad<\/p>\n              <\/div>\n            <\/div>\n          <\/div>\n        <\/div>\n      <\/div>\n      <div class=\"h-column h-column-container d-flex h-col-lg-4 h-col-md-4 h-col-12 style-577-outer style-local-57-c26-outer\">\n        <div data-colibri-id=\"57-c26\" class=\"d-flex h-flex-basis h-column__inner h-px-lg-1 h-px-md-3 h-px-2 v-inner-lg-1 v-inner-md-3 v-inner-2 style-577 style-local-57-c26 position-relative\">\n          <!---->\n          <!---->\n          <div class=\"w-100 h-y-container h-column__content h-column__v-align flex-basis-100 align-self-lg-center align-self-md-center align-self-center\">\n            <!---->\n            <div data-colibri-id=\"57-c27\" class=\"h-icon style-578 style-local-57-c27 position-relative h-element\">\n              <!----><span class=\"h-svg-icon h-icon__icon style-578-icon style-local-57-c27-icon\"><!--Icon by Icons8 Line Awesome (https:\/\/icons8.com\/line-awesome)--><svg version=\"1.1\" xmlns=\"http:\/\/www.w3.org\/2000\/svg\" xmlns:xlink=\"http:\/\/www.w3.org\/1999\/xlink\" id=\"check\" viewBox=\"0 0 512 545.5\"><path d=\"M452.5 132.5l23 23-288 288-11.5 11-11.5-11-128-128 23-23L176 409z\"><\/path><\/svg><\/span><\/div>\n            <div\n              data-colibri-id=\"57-c28\" class=\"h-global-transition-all h-heading style-579 style-local-57-c28 position-relative h-element\">\n              <!---->\n              <div class=\"h-heading__outer style-579 style-local-57-c28\">\n                <!---->\n                <!---->\n                <h5 class=\"\">HU f\u00fcr Anh\u00e4nger o. Bremse<\/h5>\n              <\/div>\n          <\/div>\n          <div data-colibri-id=\"57-c29\" class=\"h-text h-text-component style-580 style-local-57-c29 position-relative h-element\">\n            <!---->\n            <!---->\n            <div class=\"\">\n              <p>amtliche Geb\u00fchr ab 01.02.2025<\/p>\n              <p>47,00 EUR<\/p>\n              <p>Anh\u00e4nger<\/p>\n            <\/div>\n          <\/div>\n        <\/div>\n      <\/div>\n    <\/div>\n    <div class=\"h-column h-column-container d-flex h-col-lg-4 h-col-md-4 h-col-12 style-577-outer style-local-57-c30-outer\">\n      <div data-colibri-id=\"57-c30\" class=\"d-flex h-flex-basis h-column__inner h-px-lg-1 h-px-md-3 h-px-2 v-inner-lg-1 v-inner-md-3 v-inner-2 style-577 style-local-57-c30 position-relative\">\n        <!---->\n        <!---->\n        <div class=\"w-100 h-y-container h-column__content h-column__v-align flex-basis-100 align-self-lg-center align-self-md-center align-self-center\">\n          <!---->\n          <div data-colibri-id=\"57-c31\" class=\"h-icon style-578 style-local-57-c31 position-relative h-element\">\n            <!----><span class=\"h-svg-icon h-icon__icon style-578-icon style-local-57-c31-icon\"><!--Icon by Icons8 Line Awesome (https:\/\/icons8.com\/line-awesome)--><svg version=\"1.1\" xmlns=\"http:\/\/www.w3.org\/2000\/svg\" xmlns:xlink=\"http:\/\/www.w3.org\/1999\/xlink\" id=\"check\" viewBox=\"0 0 512 545.5\"><path d=\"M452.5 132.5l23 23-288 288-11.5 11-11.5-11-128-128 23-23L176 409z\"><\/path><\/svg><\/span><\/div>\n          <div\n            data-colibri-id=\"57-c32\" class=\"h-global-transition-all h-heading style-579 style-local-57-c32 position-relative h-element\">\n            <!---->\n            <div class=\"h-heading__outer style-579 style-local-57-c32\">\n              <!---->\n              <!---->\n              <h5 class=\"\">HU f\u00fcr Anh\u00e4nger mit Bremse<\/h5>\n            <\/div>\n        <\/div>\n        <div data-colibri-id=\"57-c33\" class=\"h-text h-text-component style-580 style-local-57-c33 position-relative h-element\">\n          <!---->\n          <!---->\n          <div class=\"\">\n            <p>amtliche Geb\u00fchr ab 01.02.2025<\/p>\n            <p>68,00 EUR<\/p>\n            <p>Anh\u00e4nger<\/p>\n          <\/div>\n        <\/div>\n      <\/div>\n    <\/div>\n  <\/div>\n<\/div>\n<\/div>\n<\/div>\n<\/div>\n<div data-colibri-component=\"section\" data-colibri-id=\"57-c34\" id=\"custom\" class=\"h-section h-section-global-spacing d-flex align-items-lg-center align-items-md-center align-items-center style-599 style-local-57-c34 position-relative\">\n  <!---->\n  <!---->\n  <div class=\"h-section-grid-container h-section-boxed-container\">\n    <!---->\n    <div data-colibri-id=\"57-c35\" class=\"h-row-container gutters-row-lg-0 gutters-row-md-0 gutters-row-0 gutters-row-v-lg-0 gutters-row-v-md-0 gutters-row-v-0 style-600 style-local-57-c35 position-relative\">\n      <!---->\n      <div class=\"h-row justify-content-lg-center justify-content-md-center justify-content-center align-items-lg-stretch align-items-md-stretch align-items-stretch gutters-col-lg-0 gutters-col-md-0 gutters-col-0 gutters-col-v-lg-0 gutters-col-v-md-0 gutters-col-v-0\">\n        <!---->\n        <div class=\"h-column h-column-container d-flex h-col-lg-auto h-col-md-auto h-col-auto style-601-outer style-local-57-c36-outer\">\n          <div data-colibri-id=\"57-c36\" class=\"d-flex h-flex-basis h-column__inner h-px-lg-0 h-px-md-0 h-px-0 v-inner-lg-0 v-inner-md-0 v-inner-0 style-601 style-local-57-c36 position-relative\">\n            <!---->\n            <!---->\n            <div class=\"w-100 h-y-container h-column__content h-column__v-align flex-basis-100 align-self-lg-start align-self-md-start align-self-start\">\n              <!---->\n              <div data-colibri-id=\"57-c37\" class=\"h-x-container style-602 style-local-57-c37 position-relative h-element\">\n                <!---->\n                <div class=\"h-x-container-inner style-dynamic-57-c37-group style-602-spacing style-local-57-c37-spacing\"><span class=\"h-link__outer style-603-outer style-local-57-c38-outer d-inline-flex h-element\"><a h-use-smooth-scroll=\"true\" href=\"https:\/\/safetycar.nrw\/wp-content\/uploads\/2025\/01\/05-12-2024-SG-TSa-Entgeltuebersicht-Nordrhein-Westfalen.pdf\" data-colibri-id=\"57-c38\" class=\"d-flex w-100 align-items-center h-link style-603 style-local-57-c38 position-relative\" target=\"_blank\" rel=\"noopener\"><!----><span  class=\"h-svg-icon h-link__icon style-603-icon style-local-57-c38-icon\"><!--Icon by Font Awesome (https:\/\/fontawesome.com)-->\n    <svg version=\"1.1\" xmlns=\"http:\/\/www.w3.org\/2000\/svg\" xmlns:xlink=\"http:\/\/www.w3.org\/1999\/xlink\" id=\"forward\" viewBox=\"0 0 1664 1896.0833\">\n      <path d=\"M45 1651q-19 19-32 13t-13-32V160q0-26 13-32t32 13l710 710q9 9 13 19V160q0-26 13-32t32 13l710 710q19 19 19 45t-19 45l-710 710q-19 19-32 13t-13-32V922q-4 10-13 19z\"><\/path>\n    <\/svg><\/span> <span>GT\u00dc&nbsp;Preisliste&nbsp;2025<\/span><\/a>\n                  <\/span>\n                <\/div>\n              <\/div>\n            <\/div>\n          <\/div>\n        <\/div>\n      <\/div>\n    <\/div>\n  <\/div>\n<\/div>\n<\/div>","protected":false},"excerpt":{"rendered":"<p>HU ohne UMA f\u00fcr PKW amtliche Geb\u00fchr ab 01.02.2025 104,00 EUR Bis 3,5 t. zGM HU incl. UMA amtliche Geb\u00fchr ab 01.02.2025 159,00 EUR f\u00fcr Fzg. mit\/ohne OBD bis 3,5 t. zGM HU f\u00fcr Krad ohne AUK amtliche Geb\u00fchr ab 01.02.2025 67,00 EUR Krad HU f\u00fcr Krad mit AUK amtliche Geb\u00fchr ab 01.02.2025 98,00 EUR [&hellip;]<\/p>\n","protected":false},"author":1,"featured_media":0,"parent":0,"menu_order":0,"comment_status":"closed","ping_status":"closed","template":"page-templates\/full-width-page.php","meta":{"footnotes":""},"class_list":["post-57","page","type-page","status-publish","hentry"],"_links":{"self":[{"href":"https:\/\/safetycar.nrw\/index.php?rest_route=\/wp\/v2\/pages\/57"}],"collection":[{"href":"https:\/\/safetycar.nrw\/index.php?rest_route=\/wp\/v2\/pages"}],"about":[{"href":"https:\/\/safetycar.nrw\/index.php?rest_route=\/wp\/v2\/types\/page"}],"author":[{"embeddable":true,"href":"https:\/\/safetycar.nrw\/index.php?rest_route=\/wp\/v2\/users\/1"}],"replies":[{"embeddable":true,"href":"https:\/\/safetycar.nrw\/index.php?rest_route=%2Fwp%2Fv2%2Fcomments&post=57"}],"version-history":[{"count":20,"href":"https:\/\/safetycar.nrw\/index.php?rest_route=\/wp\/v2\/pages\/57\/revisions"}],"predecessor-version":[{"id":2132,"href":"https:\/\/safetycar.nrw\/index.php?rest_route=\/wp\/v2\/pages\/57\/revisions\/2132"}],"wp:attachment":[{"href":"https:\/\/safetycar.nrw\/index.php?rest_route=%2Fwp%2Fv2%2Fmedia&parent=57"}],"curies":[{"name":"wp","href":"https:\/\/api.w.org\/{rel}","templated":true}]}}