{"id":56,"date":"2020-08-12T06:43:26","date_gmt":"2020-08-12T06:43:26","guid":{"rendered":"https:\/\/safetycar.nrw\/?page_id=56"},"modified":"2024-07-30T09:26:38","modified_gmt":"2024-07-30T09:26:38","slug":"teilegutachten","status":"publish","type":"page","link":"https:\/\/safetycar.nrw\/?page_id=56","title":{"rendered":"Teilegutachten"},"content":{"rendered":"<div data-colibri-id=\"56-c1\" class=\"style-456 style-local-56-c1 position-relative\">\n  <!---->\n  <div data-colibri-component=\"section\" data-colibri-id=\"56-c2\" id=\"initial-content\" class=\"h-section h-section-global-spacing d-flex align-items-lg-center align-items-md-center align-items-center style-457 style-local-56-c2 position-relative\">\n    <!---->\n    <!---->\n    <div class=\"h-section-grid-container h-section-boxed-container\">\n      <!---->\n      <div data-colibri-id=\"56-c3\" class=\"h-row-container gutters-row-lg-2 gutters-row-md-2 gutters-row-0 gutters-row-v-lg-2 gutters-row-v-md-2 gutters-row-v-2 style-458 style-local-56-c3 position-relative\">\n        <!---->\n        <div class=\"h-row justify-content-lg-center justify-content-md-center justify-content-center align-items-lg-stretch align-items-md-stretch align-items-stretch gutters-col-lg-2 gutters-col-md-2 gutters-col-0 gutters-col-v-lg-2 gutters-col-v-md-2 gutters-col-v-2\">\n          <!---->\n          <div class=\"h-column h-column-container d-flex h-col-lg-auto h-col-md-auto h-col-auto style-459-outer style-local-56-c4-outer\">\n            <div data-colibri-id=\"56-c4\" class=\"d-flex h-flex-basis h-column__inner h-px-lg-2 h-px-md-2 h-px-2 v-inner-lg-2 v-inner-md-2 v-inner-2 style-459 style-local-56-c4 position-relative\">\n              <!---->\n              <!---->\n              <div class=\"w-100 h-y-container h-column__content h-column__v-align flex-basis-100 align-self-lg-start align-self-md-start align-self-start\">\n                <!---->\n                <div data-colibri-id=\"56-c5\" class=\"style-460 style-local-56-c5 position-relative h-element\">\n                  <!---->\n                  <div>\n                    <p style=\"text-align: left;\"><span style=\"font-size: 10.5pt; font-family: 'Arial','sans-serif';\">Falls Sie das passende Teilegutachten\/Teilegenehmigung nicht mehr greifbar haben: kein Problem! Als GT\u00dc-Vertragspartner haben wir \u00fcber die GT\u00dc-Zentrale in Stuttgart Zugriff auf umfangreiche Datenbanken, in denen zahlreiche Bauartgenehmigungen, Teilegutachten und allgemeine Betriebserlaubnisse hinterlegt sind. <\/span><\/p>\n                    <p style=\"text-align: left;\"><span style=\"font-size: 10.5pt; font-family: 'Arial','sans-serif';\">Zudem kann die GT\u00dc im Problemfall auch \u00fcber den Hersteller die passenden Gutachten f\u00fcr das Kundenfahrzeug besorgen, womit allerdings Zusatzkosten verbunden sind. Im gleichen Umfang k\u00f6nnen wir Sie bei der Umtragung eines Kleinkraftrades\/Rollers zum Mofa und wieder zur\u00fcck unterst\u00fctzen.<\/span><\/p>\n                  <\/div>\n                <\/div>\n              <\/div>\n            <\/div>\n          <\/div>\n        <\/div>\n      <\/div>\n    <\/div>\n  <\/div>\n<\/div>","protected":false},"excerpt":{"rendered":"<p>Falls Sie das passende Teilegutachten\/Teilegenehmigung nicht mehr greifbar haben: kein Problem! Als GT\u00dc-Vertragspartner haben wir \u00fcber die GT\u00dc-Zentrale in Stuttgart Zugriff auf umfangreiche Datenbanken, in denen zahlreiche Bauartgenehmigungen, Teilegutachten und allgemeine Betriebserlaubnisse hinterlegt sind. Zudem kann die GT\u00dc im Problemfall auch \u00fcber den Hersteller die passenden Gutachten f\u00fcr das Kundenfahrzeug besorgen, womit allerdings Zusatzkosten verbunden [&hellip;]<\/p>\n","protected":false},"author":1,"featured_media":0,"parent":0,"menu_order":0,"comment_status":"closed","ping_status":"closed","template":"page-templates\/full-width-page.php","meta":{"footnotes":""},"class_list":["post-56","page","type-page","status-publish","hentry"],"_links":{"self":[{"href":"https:\/\/safetycar.nrw\/index.php?rest_route=\/wp\/v2\/pages\/56"}],"collection":[{"href":"https:\/\/safetycar.nrw\/index.php?rest_route=\/wp\/v2\/pages"}],"about":[{"href":"https:\/\/safetycar.nrw\/index.php?rest_route=\/wp\/v2\/types\/page"}],"author":[{"embeddable":true,"href":"https:\/\/safetycar.nrw\/index.php?rest_route=\/wp\/v2\/users\/1"}],"replies":[{"embeddable":true,"href":"https:\/\/safetycar.nrw\/index.php?rest_route=%2Fwp%2Fv2%2Fcomments&post=56"}],"version-history":[{"count":4,"href":"https:\/\/safetycar.nrw\/index.php?rest_route=\/wp\/v2\/pages\/56\/revisions"}],"predecessor-version":[{"id":1868,"href":"https:\/\/safetycar.nrw\/index.php?rest_route=\/wp\/v2\/pages\/56\/revisions\/1868"}],"wp:attachment":[{"href":"https:\/\/safetycar.nrw\/index.php?rest_route=%2Fwp%2Fv2%2Fmedia&parent=56"}],"curies":[{"name":"wp","href":"https:\/\/api.w.org\/{rel}","templated":true}]}}