{"id":55,"date":"2020-08-12T06:43:26","date_gmt":"2020-08-12T06:43:26","guid":{"rendered":"https:\/\/safetycar.nrw\/?page_id=55"},"modified":"2024-07-30T09:13:46","modified_gmt":"2024-07-30T09:13:46","slug":"gebrauchtwagenuntersuchung","status":"publish","type":"page","link":"https:\/\/safetycar.nrw\/?page_id=55","title":{"rendered":"Gebrauchtwagenuntersuchung"},"content":{"rendered":"<div data-colibri-id=\"55-c1\" class=\"style-413 style-local-55-c1 position-relative\">\n  <!---->\n  <div data-colibri-component=\"section\" data-colibri-id=\"55-c2\" id=\"initial-content\" class=\"h-section h-section-global-spacing d-flex align-items-lg-center align-items-md-center align-items-center style-414 style-local-55-c2 position-relative\">\n    <!---->\n    <!---->\n    <div class=\"h-section-grid-container h-section-boxed-container\">\n      <!---->\n      <div data-colibri-id=\"55-c3\" class=\"h-row-container gutters-row-lg-2 gutters-row-md-2 gutters-row-0 gutters-row-v-lg-2 gutters-row-v-md-2 gutters-row-v-2 style-415 style-local-55-c3 position-relative\">\n        <!---->\n        <div class=\"h-row justify-content-lg-center justify-content-md-center justify-content-center align-items-lg-stretch align-items-md-stretch align-items-stretch gutters-col-lg-2 gutters-col-md-2 gutters-col-0 gutters-col-v-lg-2 gutters-col-v-md-2 gutters-col-v-2\">\n          <!---->\n          <div class=\"h-column h-column-container d-flex h-col-lg-auto h-col-md-auto h-col-auto style-416-outer style-local-55-c4-outer\">\n            <div data-colibri-id=\"55-c4\" class=\"d-flex h-flex-basis h-column__inner h-px-lg-2 h-px-md-2 h-px-2 v-inner-lg-2 v-inner-md-2 v-inner-2 style-416 style-local-55-c4 position-relative\">\n              <!---->\n              <!---->\n              <div class=\"w-100 h-y-container h-column__content h-column__v-align flex-basis-100 align-self-lg-start align-self-md-start align-self-start\">\n                <!---->\n                <div data-colibri-id=\"55-c5\" class=\"style-417 style-local-55-c5 position-relative h-element\">\n                  <!---->\n                  <div>\n                    <p style=\"text-align: left;\"><span style=\"font-size: 10.5pt; font-family: 'Arial','sans-serif';\"><span style=\"font-family: arial, helvetica, sans-serif;\">Sie m\u00f6chten ein Fahrzeug kaufen bzw. verkaufen und kennen den aktuellen Marktwert nicht? Wir ermitteln den aktuellen Wert Ihres Fahrzeuges f\u00fcr Sie und f\u00fchren s\u00e4mtliche Fahrzeugbewertungen durch. <\/span>\n                      <br>\n                      <br><span style=\"font-family: arial, helvetica, sans-serif;\">Hinweis: Sollten Sie Ihren privaten PKW verkaufen m\u00f6chten, stehen wir Ihnen gerne mit einigen Tipps zur Seite<\/span>. <\/span>\n                    <\/p>\n\n                    \n                    <p><\/p>\n                    \n                  <\/div>\n                <\/div>\n              <\/div>\n            <\/div>\n          <\/div>\n        <\/div>\n      <\/div>\n    <\/div>\n  <\/div>\n<\/div>","protected":false},"excerpt":{"rendered":"<p>Sie m\u00f6chten ein Fahrzeug kaufen bzw. verkaufen und kennen den aktuellen Marktwert nicht? Wir ermitteln den aktuellen Wert Ihres Fahrzeuges f\u00fcr Sie und f\u00fchren s\u00e4mtliche Fahrzeugbewertungen durch. Hinweis: Sollten Sie Ihren privaten PKW verkaufen m\u00f6chten, stehen wir Ihnen gerne mit einigen Tipps zur Seite.<\/p>\n","protected":false},"author":1,"featured_media":0,"parent":0,"menu_order":0,"comment_status":"closed","ping_status":"closed","template":"page-templates\/full-width-page.php","meta":{"footnotes":""},"class_list":["post-55","page","type-page","status-publish","hentry"],"_links":{"self":[{"href":"https:\/\/safetycar.nrw\/index.php?rest_route=\/wp\/v2\/pages\/55"}],"collection":[{"href":"https:\/\/safetycar.nrw\/index.php?rest_route=\/wp\/v2\/pages"}],"about":[{"href":"https:\/\/safetycar.nrw\/index.php?rest_route=\/wp\/v2\/types\/page"}],"author":[{"embeddable":true,"href":"https:\/\/safetycar.nrw\/index.php?rest_route=\/wp\/v2\/users\/1"}],"replies":[{"embeddable":true,"href":"https:\/\/safetycar.nrw\/index.php?rest_route=%2Fwp%2Fv2%2Fcomments&post=55"}],"version-history":[{"count":5,"href":"https:\/\/safetycar.nrw\/index.php?rest_route=\/wp\/v2\/pages\/55\/revisions"}],"predecessor-version":[{"id":1791,"href":"https:\/\/safetycar.nrw\/index.php?rest_route=\/wp\/v2\/pages\/55\/revisions\/1791"}],"wp:attachment":[{"href":"https:\/\/safetycar.nrw\/index.php?rest_route=%2Fwp%2Fv2%2Fmedia&parent=55"}],"curies":[{"name":"wp","href":"https:\/\/api.w.org\/{rel}","templated":true}]}}