{"id":54,"date":"2020-08-12T06:43:26","date_gmt":"2020-08-12T06:43:26","guid":{"rendered":"https:\/\/safetycar.nrw\/?page_id=54"},"modified":"2024-07-30T09:30:31","modified_gmt":"2024-07-30T09:30:31","slug":"wertgutachten","status":"publish","type":"page","link":"https:\/\/safetycar.nrw\/?page_id=54","title":{"rendered":"Wertgutachten"},"content":{"rendered":"<div data-colibri-id=\"54-c1\" class=\"style-461 style-local-54-c1 position-relative\">\n  <!---->\n  <div data-colibri-component=\"section\" data-colibri-id=\"54-c2\" id=\"initial-content\" class=\"h-section h-section-global-spacing d-flex align-items-lg-center align-items-md-center align-items-center style-462 style-local-54-c2 position-relative\">\n    <!---->\n    <!---->\n    <div class=\"h-section-grid-container h-section-boxed-container\">\n      <!---->\n      <div data-colibri-id=\"54-c3\" class=\"h-row-container gutters-row-lg-2 gutters-row-md-2 gutters-row-0 gutters-row-v-lg-2 gutters-row-v-md-2 gutters-row-v-2 style-463 style-local-54-c3 position-relative\">\n        <!---->\n        <div class=\"h-row justify-content-lg-center justify-content-md-center justify-content-center align-items-lg-stretch align-items-md-stretch align-items-stretch gutters-col-lg-2 gutters-col-md-2 gutters-col-0 gutters-col-v-lg-2 gutters-col-v-md-2 gutters-col-v-2\">\n          <!---->\n          <div class=\"h-column h-column-container d-flex h-col-lg-auto h-col-md-auto h-col-auto style-464-outer style-local-54-c4-outer\">\n            <div data-colibri-id=\"54-c4\" class=\"d-flex h-flex-basis h-column__inner h-px-lg-2 h-px-md-2 h-px-2 v-inner-lg-2 v-inner-md-2 v-inner-2 style-464 style-local-54-c4 position-relative\">\n              <!---->\n              <!---->\n              <div class=\"w-100 h-y-container h-column__content h-column__v-align flex-basis-100 align-self-lg-start align-self-md-start align-self-start\">\n                <!---->\n                <div data-colibri-id=\"54-c5\" class=\"style-465 style-local-54-c5 position-relative h-element\">\n                  <!---->\n                  <div>\n                    <p style=\"text-align: left;\"><span style=\"font-family: arial, helvetica, sans-serif;\">Beim Wertgutachten f\u00fcr Ihr KFZ ermitteln wir im Rahmen einer objektiven Bewertung den aktuellen Marktwert:<\/span><\/p>\n                    <p style=\"text-align: left;\"><span style=\"font-family: arial, helvetica, sans-serif;\">Der Marktwert ist der zum jetzigen Zeitpunkt gesch\u00e4tzte Betrag beim An- bzw. Verkauf, der f\u00fcr das Fahrzeug bezahlt bzw. realistischerweise erzielt werden k\u00f6nnte. Es handelt sich beim Marktwert in der Regel um den Durchschnittspreis am Privatmarkt.<\/span><\/p>\n                    <p style=\"text-align: left;\"><span style=\"font-family: arial, helvetica, sans-serif;\">Teilen Sie uns am besten gleich zu Beginn mit, wof\u00fcr Sie das Wertgutachten ben\u00f6tigen:<\/span><\/p>\n                  <\/div>\n                <\/div>\n              <\/div>\n            <\/div>\n          <\/div>\n        <\/div>\n      <\/div>\n    <\/div>\n  <\/div>\n<\/div>","protected":false},"excerpt":{"rendered":"<p>Beim Wertgutachten f\u00fcr Ihr KFZ ermitteln wir im Rahmen einer objektiven Bewertung den aktuellen Marktwert: Der Marktwert ist der zum jetzigen Zeitpunkt gesch\u00e4tzte Betrag beim An- bzw. Verkauf, der f\u00fcr das Fahrzeug bezahlt bzw. realistischerweise erzielt werden k\u00f6nnte. Es handelt sich beim Marktwert in der Regel um den Durchschnittspreis am Privatmarkt. Teilen Sie uns am [&hellip;]<\/p>\n","protected":false},"author":1,"featured_media":0,"parent":0,"menu_order":0,"comment_status":"closed","ping_status":"closed","template":"page-templates\/full-width-page.php","meta":{"footnotes":""},"class_list":["post-54","page","type-page","status-publish","hentry"],"_links":{"self":[{"href":"https:\/\/safetycar.nrw\/index.php?rest_route=\/wp\/v2\/pages\/54"}],"collection":[{"href":"https:\/\/safetycar.nrw\/index.php?rest_route=\/wp\/v2\/pages"}],"about":[{"href":"https:\/\/safetycar.nrw\/index.php?rest_route=\/wp\/v2\/types\/page"}],"author":[{"embeddable":true,"href":"https:\/\/safetycar.nrw\/index.php?rest_route=\/wp\/v2\/users\/1"}],"replies":[{"embeddable":true,"href":"https:\/\/safetycar.nrw\/index.php?rest_route=%2Fwp%2Fv2%2Fcomments&post=54"}],"version-history":[{"count":6,"href":"https:\/\/safetycar.nrw\/index.php?rest_route=\/wp\/v2\/pages\/54\/revisions"}],"predecessor-version":[{"id":1875,"href":"https:\/\/safetycar.nrw\/index.php?rest_route=\/wp\/v2\/pages\/54\/revisions\/1875"}],"wp:attachment":[{"href":"https:\/\/safetycar.nrw\/index.php?rest_route=%2Fwp%2Fv2%2Fmedia&parent=54"}],"curies":[{"name":"wp","href":"https:\/\/api.w.org\/{rel}","templated":true}]}}