{"id":53,"date":"2020-08-12T06:43:26","date_gmt":"2020-08-12T06:43:26","guid":{"rendered":"https:\/\/safetycar.nrw\/?page_id=53"},"modified":"2024-07-30T09:26:14","modified_gmt":"2024-07-30T09:26:14","slug":"schadengutachten-2","status":"publish","type":"page","link":"https:\/\/safetycar.nrw\/?page_id=53","title":{"rendered":"Schadengutachten"},"content":{"rendered":"<div data-colibri-id=\"53-c1\" class=\"style-446 style-local-53-c1 position-relative\">\n  <!---->\n  <div data-colibri-component=\"section\" data-colibri-id=\"53-c2\" id=\"initial-content\" class=\"h-section h-section-global-spacing d-flex align-items-lg-center align-items-md-center align-items-center style-447 style-local-53-c2 position-relative\">\n    <!---->\n    <!---->\n    <div class=\"h-section-grid-container h-section-boxed-container\">\n      <!---->\n      <div data-colibri-id=\"53-c3\" class=\"h-row-container gutters-row-lg-2 gutters-row-md-2 gutters-row-0 gutters-row-v-lg-2 gutters-row-v-md-2 gutters-row-v-2 style-448 style-local-53-c3 position-relative\">\n        <!---->\n        <div class=\"h-row justify-content-lg-center justify-content-md-center justify-content-center align-items-lg-stretch align-items-md-stretch align-items-stretch gutters-col-lg-2 gutters-col-md-2 gutters-col-0 gutters-col-v-lg-2 gutters-col-v-md-2 gutters-col-v-2\">\n          <!---->\n          <div class=\"h-column h-column-container d-flex h-col-lg-auto h-col-md-auto h-col-auto style-449-outer style-local-53-c4-outer\">\n            <div data-colibri-id=\"53-c4\" class=\"d-flex h-flex-basis h-column__inner h-px-lg-2 h-px-md-2 h-px-2 v-inner-lg-2 v-inner-md-2 v-inner-2 style-449 style-local-53-c4 position-relative\">\n              <!---->\n              <!---->\n              <div class=\"w-100 h-y-container h-column__content h-column__v-align flex-basis-100 align-self-lg-start align-self-md-start align-self-start\">\n                <!---->\n                <div data-colibri-id=\"53-c5\" class=\"style-450 style-local-53-c5 position-relative h-element\">\n                  <!---->\n                  <div>\n                    <h6 style=\"text-align: left;\"><span style=\"font-size: 12pt;\"><strong><span style=\"line-height: 115%; font-family: Arial, sans-serif; color: windowtext;\">Qualifiziertes GT\u00dc-Schadengutachten<\/span><\/strong>\n                      <\/span>\n                    <\/h6>\n                    <p style=\"text-align: left;\"><span style=\"font-size: 11.0pt; font-family: 'Arial','sans-serif';\">Die GT\u00dc-Sachverst\u00e4ndigen sind neutral und unabh\u00e4ngig. Somit gew\u00e4hrleistet die GT\u00dc-Sachverst\u00e4ndigenorganisation, dass der Gesch\u00e4digte 100 % Ersatz hinsichtlich seines Fahrzeugschadens geltend machen kann.<\/span><\/p>\n                    <span style=\"font-size: 11.0pt; font-family: 'Arial','sans-serif';\">Ist ein Schaden am Fahrzeug entstanden, muss der Sachverhalt schnell und zuverl\u00e4ssig gekl\u00e4rt werden.<\/span><\/div>\n                <\/div>\n              <\/div>\n            <\/div>\n          <\/div>\n        <\/div>\n      <\/div>\n    <\/div>\n  <\/div>\n<\/div>","protected":false},"excerpt":{"rendered":"<p>Qualifiziertes GT\u00dc-Schadengutachten Die GT\u00dc-Sachverst\u00e4ndigen sind neutral und unabh\u00e4ngig. Somit gew\u00e4hrleistet die GT\u00dc-Sachverst\u00e4ndigenorganisation, dass der Gesch\u00e4digte 100 % Ersatz hinsichtlich seines Fahrzeugschadens geltend machen kann. Ist ein Schaden am Fahrzeug entstanden, muss der Sachverhalt schnell und zuverl\u00e4ssig gekl\u00e4rt werden.<\/p>\n","protected":false},"author":1,"featured_media":0,"parent":0,"menu_order":0,"comment_status":"closed","ping_status":"closed","template":"page-templates\/full-width-page.php","meta":{"footnotes":""},"class_list":["post-53","page","type-page","status-publish","hentry"],"_links":{"self":[{"href":"https:\/\/safetycar.nrw\/index.php?rest_route=\/wp\/v2\/pages\/53"}],"collection":[{"href":"https:\/\/safetycar.nrw\/index.php?rest_route=\/wp\/v2\/pages"}],"about":[{"href":"https:\/\/safetycar.nrw\/index.php?rest_route=\/wp\/v2\/types\/page"}],"author":[{"embeddable":true,"href":"https:\/\/safetycar.nrw\/index.php?rest_route=\/wp\/v2\/users\/1"}],"replies":[{"embeddable":true,"href":"https:\/\/safetycar.nrw\/index.php?rest_route=%2Fwp%2Fv2%2Fcomments&post=53"}],"version-history":[{"count":13,"href":"https:\/\/safetycar.nrw\/index.php?rest_route=\/wp\/v2\/pages\/53\/revisions"}],"predecessor-version":[{"id":1861,"href":"https:\/\/safetycar.nrw\/index.php?rest_route=\/wp\/v2\/pages\/53\/revisions\/1861"}],"wp:attachment":[{"href":"https:\/\/safetycar.nrw\/index.php?rest_route=%2Fwp%2Fv2%2Fmedia&parent=53"}],"curies":[{"name":"wp","href":"https:\/\/api.w.org\/{rel}","templated":true}]}}