{"id":52,"date":"2020-08-12T06:43:26","date_gmt":"2020-08-12T06:43:26","guid":{"rendered":"https:\/\/safetycar.nrw\/?page_id=52"},"modified":"2024-07-30T09:20:36","modified_gmt":"2024-07-30T09:20:36","slug":"oldtimergutachten-gemaess-%c2%a7-23-stvzo","status":"publish","type":"page","link":"https:\/\/safetycar.nrw\/?page_id=52","title":{"rendered":"Oldtimergutachten"},"content":{"rendered":"<div data-colibri-id=\"52-c1\" class=\"style-384 style-local-52-c1 position-relative\">\n  <!---->\n  <div data-colibri-component=\"section\" data-colibri-id=\"52-c2\" id=\"initial-content\" class=\"h-section h-section-global-spacing d-flex align-items-lg-center align-items-md-center align-items-center style-385 style-local-52-c2 position-relative\">\n    <!---->\n    <!---->\n    <div class=\"h-section-grid-container h-section-boxed-container\">\n      <!---->\n      <div data-colibri-id=\"52-c3\" class=\"h-row-container gutters-row-lg-2 gutters-row-md-2 gutters-row-0 gutters-row-v-lg-2 gutters-row-v-md-2 gutters-row-v-2 style-386 style-local-52-c3 position-relative\">\n        <!---->\n        <div class=\"h-row justify-content-lg-center justify-content-md-center justify-content-center align-items-lg-stretch align-items-md-stretch align-items-stretch gutters-col-lg-2 gutters-col-md-2 gutters-col-0 gutters-col-v-lg-2 gutters-col-v-md-2 gutters-col-v-2\">\n          <!---->\n          <div class=\"h-column h-column-container d-flex h-col-lg-auto h-col-md-auto h-col-auto style-387-outer style-local-52-c4-outer\">\n            <div data-colibri-id=\"52-c4\" class=\"d-flex h-flex-basis h-column__inner h-px-lg-2 h-px-md-2 h-px-2 v-inner-lg-2 v-inner-md-2 v-inner-2 style-387 style-local-52-c4 position-relative\">\n              <!---->\n              <!---->\n              <div class=\"w-100 h-y-container h-column__content h-column__v-align flex-basis-100 align-self-lg-start align-self-md-start align-self-start\">\n                <!---->\n                <div data-colibri-id=\"52-c5\" class=\"style-388 style-local-52-c5 position-relative h-element\">\n                  <!---->\n                  <div>\n                    <h6 style=\"text-align: left;\"><span style=\"font-size: 12pt;\"><strong><span style=\"line-height: 115%; font-family: Arial, sans-serif; color: windowtext;\">Oldtimergutachten gem\u00e4\u00df \u00a7 23 StVZO<\/span><\/strong>\n                      <\/span>\n                    <\/h6>\n                    <p><span style=\"font-family: arial, helvetica, sans-serif;\">Die Oldtimerbegutachtung umfasst eine Untersuchung im Umfang einer Hauptuntersuchung sowie die sachverst\u00e4ndige Begutachtung des Pflege-\/Erhaltungszustands des Gesamtfahrzeugs und der Originalit\u00e4t seiner Hauptbaugruppen. Wir f\u00fchren die Oldtimerbegutachtung (H-Kennzeichen oder rotes 07er-Kennzeichens) gem\u00e4\u00df \u00a7 23 StVZO durch.<\/span><\/p>\n                    <p><span style=\"font-family: arial, helvetica, sans-serif;\">Oldtimer-Liebhaber k\u00f6nnen sich auch gerne selbst auf unserem <a href=\"https:\/\/www.gtue-classic.de\/\" target=\"_blank\" rel=\"noopener noreferrer\"><span style=\"color: #a00300;\"><strong><span style=\"font-size: 10.5pt; font-family: 'Arial','sans-serif';\">Oldtimer Info-System<\/span><\/strong>\n                      <\/span>\n                      <\/a>&nbsp;umsehen und nach Literatur, Test- und Fahrzeugberichten sowie Prospekten aus den vergangenen 120 Jahren suchen.<\/span>\n                    <\/p>\n\n                    \n                    <p><\/p>\n                    \n                  <\/div>\n                <\/div>\n              <\/div>\n            <\/div>\n          <\/div>\n        <\/div>\n      <\/div>\n    <\/div>\n  <\/div>\n<\/div>","protected":false},"excerpt":{"rendered":"<p>Oldtimergutachten gem\u00e4\u00df \u00a7 23 StVZO Die Oldtimerbegutachtung umfasst eine Untersuchung im Umfang einer Hauptuntersuchung sowie die sachverst\u00e4ndige Begutachtung des Pflege-\/Erhaltungszustands des Gesamtfahrzeugs und der Originalit\u00e4t seiner Hauptbaugruppen. Wir f\u00fchren die Oldtimerbegutachtung (H-Kennzeichen oder rotes 07er-Kennzeichens) gem\u00e4\u00df \u00a7 23 StVZO durch. Oldtimer-Liebhaber k\u00f6nnen sich auch gerne selbst auf unserem Oldtimer Info-System &nbsp;umsehen und nach Literatur, Test- [&hellip;]<\/p>\n","protected":false},"author":1,"featured_media":0,"parent":0,"menu_order":0,"comment_status":"closed","ping_status":"closed","template":"page-templates\/full-width-page.php","meta":{"footnotes":""},"class_list":["post-52","page","type-page","status-publish","hentry"],"_links":{"self":[{"href":"https:\/\/safetycar.nrw\/index.php?rest_route=\/wp\/v2\/pages\/52"}],"collection":[{"href":"https:\/\/safetycar.nrw\/index.php?rest_route=\/wp\/v2\/pages"}],"about":[{"href":"https:\/\/safetycar.nrw\/index.php?rest_route=\/wp\/v2\/types\/page"}],"author":[{"embeddable":true,"href":"https:\/\/safetycar.nrw\/index.php?rest_route=\/wp\/v2\/users\/1"}],"replies":[{"embeddable":true,"href":"https:\/\/safetycar.nrw\/index.php?rest_route=%2Fwp%2Fv2%2Fcomments&post=52"}],"version-history":[{"count":20,"href":"https:\/\/safetycar.nrw\/index.php?rest_route=\/wp\/v2\/pages\/52\/revisions"}],"predecessor-version":[{"id":1833,"href":"https:\/\/safetycar.nrw\/index.php?rest_route=\/wp\/v2\/pages\/52\/revisions\/1833"}],"wp:attachment":[{"href":"https:\/\/safetycar.nrw\/index.php?rest_route=%2Fwp%2Fv2%2Fmedia&parent=52"}],"curies":[{"name":"wp","href":"https:\/\/api.w.org\/{rel}","templated":true}]}}