{"id":51,"date":"2020-08-11T17:44:33","date_gmt":"2020-08-11T17:44:33","guid":{"rendered":"https:\/\/safetycar.nrw\/?page_id=51"},"modified":"2024-07-30T13:03:33","modified_gmt":"2024-07-30T13:03:33","slug":"bei-fahrzeuganbauten-umbauten-und-aenderungen-fuehren-wir-als-gtue-vertragspartner-aenderungsabnahmen-gemaess-%c2%a7-19-3-stvzo-durch-dazu-gehoeren-etwa-die-umruestung-auf-sonderraeder","status":"publish","type":"page","link":"https:\/\/safetycar.nrw\/?page_id=51","title":{"rendered":"\u00c4nderungsabnahmen"},"content":{"rendered":"<div data-colibri-id=\"51-c1\" class=\"style-389 style-local-51-c1 position-relative\">\n  <!---->\n  <div data-colibri-component=\"section\" data-colibri-id=\"51-c2\" id=\"initial-content\" class=\"h-section h-section-global-spacing d-flex align-items-lg-center align-items-md-center align-items-center style-390 style-local-51-c2 position-relative\">\n    <!---->\n    <!---->\n    <div class=\"h-section-grid-container h-section-boxed-container\">\n      <!---->\n      <div data-colibri-id=\"51-c3\" class=\"h-row-container gutters-row-lg-2 gutters-row-md-2 gutters-row-0 gutters-row-v-lg-2 gutters-row-v-md-2 gutters-row-v-2 style-391 style-local-51-c3 position-relative\">\n        <!---->\n        <div class=\"h-row justify-content-lg-center justify-content-md-center justify-content-center align-items-lg-stretch align-items-md-stretch align-items-stretch gutters-col-lg-2 gutters-col-md-2 gutters-col-0 gutters-col-v-lg-2 gutters-col-v-md-2 gutters-col-v-2\">\n          <!---->\n          <div class=\"h-column h-column-container d-flex h-col-lg-auto h-col-md-auto h-col-auto style-392-outer style-local-51-c4-outer\">\n            <div data-colibri-id=\"51-c4\" class=\"d-flex h-flex-basis h-column__inner h-px-lg-2 h-px-md-2 h-px-2 v-inner-lg-2 v-inner-md-2 v-inner-2 style-392 style-local-51-c4 position-relative\">\n              <!---->\n              <!---->\n              <div class=\"w-100 h-y-container h-column__content h-column__v-align flex-basis-100 align-self-lg-start align-self-md-start align-self-start\">\n                <!---->\n                <div data-colibri-id=\"51-c5\" class=\"style-393 style-local-51-c5 position-relative h-element\">\n                  <!---->\n                  <div>\n                    \n                    <p><\/p>\n                    \n\n                    <p style=\"text-align: left;\"><span style=\"font-family: arial, helvetica, sans-serif;\">Bei Fahrzeuganbauten, -umbauten und \u2013\u00e4nderungen f\u00fchren wir als GT\u00dc-Vertragspartner \u00c4nderungsabnahmen gem\u00e4\u00df \u00a7 19 (3) StVZO durch. Dazu geh\u00f6ren etwa die Umr\u00fcstung auf Sonderr\u00e4der, Spoiler, Tieferlegungen oder Leistungssteigerungen: <\/span>\n                      <br><span style=\"font-family: arial, helvetica, sans-serif;\">Das Ingenieurb\u00fcro Safetycar nimmt unter Ber\u00fccksichtigung der passenden Pr\u00fcfzeugnisse die technischen \u00c4nderungen an Ihrem Fahrzeug ab und auch die \u201eEintragung\u201c vor.<\/span><\/p>\n\n                    \n                    <p><\/p>\n                    \n                  <\/div>\n                <\/div>\n                <div data-colibri-id=\"51-c9\" class=\"h-text h-text-component style-593 style-local-51-c9 position-relative h-element\">\n                  <!---->\n                  <!---->\n                  <div class=\"\">\n                    <p>Wenn es um die Abnahme von Fahrzeug\u00e4nderungen geht, ist Sicherheit und Qualit\u00e4t von h\u00f6chster Bedeutung.\n                      <br>Als GT\u00dc-Partner sind wir Ihr zuverl\u00e4ssiger Ansprechpartner f\u00fcr die Abnahme von \u00c4nderungen an Ihrem Fahrzeug.\n                      <br>Ob es um Tuning, Umr\u00fcstungen oder individuelle Modifikationen geht, wir sorgen daf\u00fcr, dass alle \u00c4nderungen den geltenden Standards entsprechen.<\/p>\n                  <\/div>\n                <\/div>\n              <\/div>\n            <\/div>\n          <\/div>\n        <\/div>\n      <\/div>\n    <\/div>\n  <\/div>\n  <div data-colibri-component=\"section\" data-colibri-id=\"51-c11\" id=\"custom\" class=\"h-section h-section-global-spacing d-flex align-items-lg-center align-items-md-center align-items-center style-595 style-local-51-c11 position-relative\">\n    <!---->\n    <!---->\n    <div class=\"h-section-grid-container h-section-boxed-container\">\n      <!---->\n      <div data-colibri-id=\"51-c12\" class=\"h-row-container gutters-row-lg-2 gutters-row-md-2 gutters-row-0 gutters-row-v-lg-2 gutters-row-v-md-2 gutters-row-v-2 style-596 style-local-51-c12 position-relative\">\n        <!---->\n        <div class=\"h-row justify-content-lg-center justify-content-md-center justify-content-center align-items-lg-stretch align-items-md-stretch align-items-stretch gutters-col-lg-2 gutters-col-md-2 gutters-col-0 gutters-col-v-lg-2 gutters-col-v-md-2 gutters-col-v-2\">\n          <!---->\n          <div class=\"h-column h-column-container d-flex h-col-lg-auto h-col-md-auto h-col-auto style-597-outer style-local-51-c13-outer\">\n            <div data-colibri-id=\"51-c13\" class=\"d-flex h-flex-basis h-column__inner h-px-lg-2 h-px-md-2 h-px-2 v-inner-lg-2 v-inner-md-2 v-inner-2 style-597 style-local-51-c13 position-relative\">\n              <!---->\n              <!---->\n              <div class=\"w-100 h-y-container h-column__content h-column__v-align flex-basis-100 align-self-lg-start align-self-md-start align-self-start\">\n                <!---->\n                <div data-colibri-id=\"51-c14\" class=\"h-text h-text-component style-598 style-local-51-c14 position-relative h-element\">\n                  <!---->\n                  <!---->\n                  <div class=\"\">\n                    <p><strong>Warum \u00c4nderungsabnahmen wichtig sind<\/strong><\/p>\n                    <p>Fahrzeug\u00e4nderungen k\u00f6nnen vielf\u00e4ltig sein. Vom Einbau neuer Felgen \u00fcber die Optimierung der Motorleistung bis hin zu Karosserieanpassungen \u2013 jede Modifikation muss den gesetzlichen Vorschriften entsprechen. \u00c4nderungen ohne Abnahme\n                      k\u00f6nnen nicht nur rechtliche Konsequenzen haben, sondern auch die Sicherheit im Stra\u00dfenverkehr gef\u00e4hrden.<\/p>\n                  <\/div>\n                <\/div>\n              <\/div>\n            <\/div>\n          <\/div>\n        <\/div>\n      <\/div>\n    <\/div>\n  <\/div>\n<\/div>","protected":false},"excerpt":{"rendered":"<p>Bei Fahrzeuganbauten, -umbauten und \u2013\u00e4nderungen f\u00fchren wir als GT\u00dc-Vertragspartner \u00c4nderungsabnahmen gem\u00e4\u00df \u00a7 19 (3) StVZO durch. Dazu geh\u00f6ren etwa die Umr\u00fcstung auf Sonderr\u00e4der, Spoiler, Tieferlegungen oder Leistungssteigerungen: Das Ingenieurb\u00fcro Safetycar nimmt unter Ber\u00fccksichtigung der passenden Pr\u00fcfzeugnisse die technischen \u00c4nderungen an Ihrem Fahrzeug ab und auch die \u201eEintragung\u201c vor. Wenn es um die Abnahme von Fahrzeug\u00e4nderungen [&hellip;]<\/p>\n","protected":false},"author":1,"featured_media":0,"parent":0,"menu_order":0,"comment_status":"closed","ping_status":"closed","template":"page-templates\/full-width-page.php","meta":{"footnotes":""},"class_list":["post-51","page","type-page","status-publish","hentry"],"_links":{"self":[{"href":"https:\/\/safetycar.nrw\/index.php?rest_route=\/wp\/v2\/pages\/51"}],"collection":[{"href":"https:\/\/safetycar.nrw\/index.php?rest_route=\/wp\/v2\/pages"}],"about":[{"href":"https:\/\/safetycar.nrw\/index.php?rest_route=\/wp\/v2\/types\/page"}],"author":[{"embeddable":true,"href":"https:\/\/safetycar.nrw\/index.php?rest_route=\/wp\/v2\/users\/1"}],"replies":[{"embeddable":true,"href":"https:\/\/safetycar.nrw\/index.php?rest_route=%2Fwp%2Fv2%2Fcomments&post=51"}],"version-history":[{"count":20,"href":"https:\/\/safetycar.nrw\/index.php?rest_route=\/wp\/v2\/pages\/51\/revisions"}],"predecessor-version":[{"id":2079,"href":"https:\/\/safetycar.nrw\/index.php?rest_route=\/wp\/v2\/pages\/51\/revisions\/2079"}],"wp:attachment":[{"href":"https:\/\/safetycar.nrw\/index.php?rest_route=%2Fwp%2Fv2%2Fmedia&parent=51"}],"curies":[{"name":"wp","href":"https:\/\/api.w.org\/{rel}","templated":true}]}}