{"id":50,"date":"2020-08-12T06:43:26","date_gmt":"2020-08-12T06:43:26","guid":{"rendered":"https:\/\/safetycar.nrw\/?page_id=50"},"modified":"2024-07-30T12:35:06","modified_gmt":"2024-07-30T12:35:06","slug":"hauptuntersuchung","status":"publish","type":"page","link":"https:\/\/safetycar.nrw\/?page_id=50","title":{"rendered":"Hauptuntersuchung"},"content":{"rendered":"<div data-colibri-id=\"50-c1\" class=\"style-418 style-local-50-c1 position-relative\">\n  <!---->\n  <div data-colibri-component=\"section\" data-colibri-id=\"50-c2\" id=\"initial-content\" class=\"h-section h-section-global-spacing d-flex align-items-lg-center align-items-md-center align-items-center style-419 style-local-50-c2 position-relative\">\n    <!---->\n    <!---->\n    <div class=\"h-section-grid-container h-section-boxed-container\">\n      <!---->\n      <div data-colibri-id=\"50-c3\" class=\"h-row-container gutters-row-lg-2 gutters-row-md-2 gutters-row-0 gutters-row-v-lg-2 gutters-row-v-md-2 gutters-row-v-2 style-420 style-local-50-c3 position-relative\">\n        <!---->\n        <div class=\"h-row justify-content-lg-center justify-content-md-center justify-content-center align-items-lg-stretch align-items-md-stretch align-items-stretch gutters-col-lg-2 gutters-col-md-2 gutters-col-0 gutters-col-v-lg-2 gutters-col-v-md-2 gutters-col-v-2\">\n          <!---->\n          <div class=\"h-column h-column-container d-flex h-col-lg-auto h-col-md-auto h-col-auto style-421-outer style-local-50-c4-outer\">\n            <div data-colibri-id=\"50-c4\" class=\"d-flex h-flex-basis h-column__inner h-px-lg-2 h-px-md-2 h-px-2 v-inner-lg-2 v-inner-md-2 v-inner-2 style-421 style-local-50-c4 position-relative\">\n              <!---->\n              <!---->\n              <div class=\"w-100 h-y-container h-column__content h-column__v-align flex-basis-100 align-self-lg-start align-self-md-start align-self-start\">\n                <!---->\n                <div data-colibri-id=\"50-c5\" class=\"style-422 style-local-50-c5 position-relative h-element\">\n                  <!---->\n                  <div>\n                    <p style=\"text-align: left;\"><span style=\"font-family: arial, helvetica, sans-serif;\">Das, was fr\u00fcher \u201eT\u00dcV\u201c hie\u00df \u2013 die Hauptuntersuchung (HU) nach \u00a7 29 StVZO inklusive &#8222;Abgasuntersuchung&#8220; \u2013 bekommen Sie als Pr\u00fcfleistung direkt bei uns:<\/span><\/p>\n                    <p><span style=\"font-size: 10pt;\"><em><span style=\"font-family: arial, helvetica, sans-serif;\">Mit Sicherheit: schnell und kompetent!<\/span><\/em>\n                      <\/span>\n                    <\/p>\n                    <p><strong><span style=\"font-family: arial, helvetica, sans-serif; font-size: 12pt;\">Unser Tipp:<br>Achten Sie unbedingt auf den Ablaufmonat Ihrer Pr\u00fcfplakette!<\/span><\/strong><\/p>\n                    <p style=\"text-align: left;\"><span style=\"font-family: arial, helvetica, sans-serif;\">Eine abgelaufene Pr\u00fcfplakette (und damit nicht fristgerechte Sicherheits\u00fcberpr\u00fcfung Ihres Kfz) kann recht teuer werden: Neben der erh\u00f6hten Pr\u00fcfgeb\u00fchr drohen au\u00dferdem ein Verwarnungs- oder Bu\u00dfgeld.<\/span><\/p>\n                    <p style=\"text-align: left;\"><span style=\"font-family: arial, helvetica, sans-serif;\">Und so lesen Sie die Pr\u00fcfplakette:<\/span><\/p>\n                    <p style=\"text-align: left;\">\n                      <img loading=\"lazy\" decoding=\"async\" class=\"alignnone wp-image-636 size-full\" src=\"https:\/\/safetycar.nrw\/wp-content\/uploads\/2020\/08\/Plakette-1.png\" alt=\"\" width=\"280\" height=\"220\">\n                    <\/p>\n                    <p><strong><span style=\"font-family: arial, helvetica, sans-serif;\">Damit Sie den wichtigen Termin f\u00fcr die HU\/AU nicht verpassen<\/span><\/strong><\/p>\n                    <p><span style=\"font-family: arial, helvetica, sans-serif;\">Der GT\u00dc-Erinnerungsservice <\/span><strong><span style=\"color: #a10606; font-family: arial, helvetica, sans-serif;\"><a style=\"color: #a10606;\" href=\"https:\/\/hu-erinnerung.gtue.de\/\" target=\"_blank\" rel=\"noopener noreferrer\"><span style=\"font-size: 10pt;\">hu-erinnerung.gtue.de<\/span><\/a><\/span><\/strong>\n                      <span\n                        style=\"font-family: arial, helvetica, sans-serif;\"><strong><span style=\"color: #a10606;\">: <\/span><\/strong>\n                        <br>Hier k\u00f6nnen Sie sich kostenfrei an die n\u00e4chste Hauptuntersuchung erinnern lassen! Unser Ingenieurb\u00fcro Safety Car f\u00fchrt die HU dann gerne f\u00fcr Sie durch.<\/span>\n                    <\/p>\n\n                    \n                    <p><\/p>\n                    \n                  <\/div>\n                <\/div>\n              <\/div>\n            <\/div>\n          <\/div>\n        <\/div>\n      <\/div>\n      <div data-colibri-id=\"50-c6\" class=\"h-row-container gutters-row-lg-2 gutters-row-md-2 gutters-row-0 gutters-row-v-lg-2 gutters-row-v-md-2 gutters-row-v-2 style-469 style-local-50-c6 position-relative\">\n        <!---->\n        <div class=\"h-row justify-content-lg-center justify-content-md-center justify-content-center align-items-lg-stretch align-items-md-stretch align-items-stretch gutters-col-lg-2 gutters-col-md-2 gutters-col-0 gutters-col-v-lg-2 gutters-col-v-md-2 gutters-col-v-2\">\n          <!---->\n          <div class=\"h-column h-column-container d-flex h-col-lg-auto h-col-md-auto h-col-auto style-470-outer style-local-50-c7-outer\">\n            <div data-colibri-id=\"50-c7\" class=\"d-flex h-flex-basis h-column__inner h-px-lg-2 h-px-md-2 h-px-2 v-inner-lg-2 v-inner-md-2 v-inner-2 style-470 style-local-50-c7 position-relative\">\n              <!---->\n              <!---->\n              <div class=\"w-100 h-y-container h-column__content h-column__v-align flex-basis-100 align-self-lg-start align-self-md-start align-self-start\">\n                <!---->\n                <div data-colibri-id=\"50-c8\" class=\"h-text h-text-component style-471 style-local-50-c8 position-relative h-element\">\n                  <!---->\n                  <!---->\n                  <div class=\"\">\n                    <p>Die Hauptuntersuchung (HU) f\u00fcr Kraftfahrzeuge ist eine gesetzlich vorgeschriebene \u00dcberpr\u00fcfung, die die Sicherheit und Umweltvertr\u00e4glichkeit von Fahrzeugen sicherstellen soll. W\u00e4hrend der HU werden verschiedene technische Aspekte eines\n                      Fahrzeugs \u00fcberpr\u00fcft, darunter Bremsen, Beleuchtung, Reifen und Abgaswerte. Diese Dienstleistung gew\u00e4hrleistet, dass Fahrzeuge den gesetzlichen Vorschriften entsprechen und somit die Verkehrssicherheit auf unseren Stra\u00dfen erh\u00f6ht wird.<\/p>\n                  <\/div>\n                <\/div>\n              <\/div>\n            <\/div>\n          <\/div>\n        <\/div>\n      <\/div>\n    <\/div>\n  <\/div>\n<\/div>","protected":false},"excerpt":{"rendered":"<p>Das, was fr\u00fcher \u201eT\u00dcV\u201c hie\u00df \u2013 die Hauptuntersuchung (HU) nach \u00a7 29 StVZO inklusive &#8222;Abgasuntersuchung&#8220; \u2013 bekommen Sie als Pr\u00fcfleistung direkt bei uns: Mit Sicherheit: schnell und kompetent! Unser Tipp:Achten Sie unbedingt auf den Ablaufmonat Ihrer Pr\u00fcfplakette! Eine abgelaufene Pr\u00fcfplakette (und damit nicht fristgerechte Sicherheits\u00fcberpr\u00fcfung Ihres Kfz) kann recht teuer werden: Neben der erh\u00f6hten Pr\u00fcfgeb\u00fchr [&hellip;]<\/p>\n","protected":false},"author":1,"featured_media":0,"parent":0,"menu_order":0,"comment_status":"closed","ping_status":"closed","template":"page-templates\/full-width-page.php","meta":{"footnotes":""},"class_list":["post-50","page","type-page","status-publish","hentry"],"_links":{"self":[{"href":"https:\/\/safetycar.nrw\/index.php?rest_route=\/wp\/v2\/pages\/50"}],"collection":[{"href":"https:\/\/safetycar.nrw\/index.php?rest_route=\/wp\/v2\/pages"}],"about":[{"href":"https:\/\/safetycar.nrw\/index.php?rest_route=\/wp\/v2\/types\/page"}],"author":[{"embeddable":true,"href":"https:\/\/safetycar.nrw\/index.php?rest_route=\/wp\/v2\/users\/1"}],"replies":[{"embeddable":true,"href":"https:\/\/safetycar.nrw\/index.php?rest_route=%2Fwp%2Fv2%2Fcomments&post=50"}],"version-history":[{"count":20,"href":"https:\/\/safetycar.nrw\/index.php?rest_route=\/wp\/v2\/pages\/50\/revisions"}],"predecessor-version":[{"id":2044,"href":"https:\/\/safetycar.nrw\/index.php?rest_route=\/wp\/v2\/pages\/50\/revisions\/2044"}],"wp:attachment":[{"href":"https:\/\/safetycar.nrw\/index.php?rest_route=%2Fwp%2Fv2%2Fmedia&parent=50"}],"curies":[{"name":"wp","href":"https:\/\/api.w.org\/{rel}","templated":true}]}}