{"id":361,"date":"2020-08-13T14:40:45","date_gmt":"2020-08-13T14:40:45","guid":{"rendered":"https:\/\/safetycar.nrw\/?page_id=361"},"modified":"2024-07-30T09:19:03","modified_gmt":"2024-07-30T09:19:03","slug":"nuetzliches","status":"publish","type":"page","link":"https:\/\/safetycar.nrw\/?page_id=361","title":{"rendered":"N\u00fctzliche Infos"},"content":{"rendered":"<div data-colibri-id=\"361-c1\" class=\"style-436 style-local-361-c1 position-relative\">\n  <!---->\n  <div data-colibri-component=\"section\" data-colibri-id=\"361-c2\" id=\"initial-content\" class=\"h-section h-section-global-spacing d-flex align-items-lg-center align-items-md-center align-items-center style-437 style-local-361-c2 position-relative\">\n    <!---->\n    <!---->\n    <div class=\"h-section-grid-container h-section-boxed-container\">\n      <!---->\n      <div data-colibri-id=\"361-c3\" class=\"h-row-container gutters-row-lg-2 gutters-row-md-2 gutters-row-0 gutters-row-v-lg-2 gutters-row-v-md-2 gutters-row-v-2 style-438 style-local-361-c3 position-relative\">\n        <!---->\n        <div class=\"h-row justify-content-lg-center justify-content-md-center justify-content-center align-items-lg-stretch align-items-md-stretch align-items-stretch gutters-col-lg-2 gutters-col-md-2 gutters-col-0 gutters-col-v-lg-2 gutters-col-v-md-2 gutters-col-v-2\">\n          <!---->\n          <div class=\"h-column h-column-container d-flex h-col-lg-auto h-col-md-auto h-col-auto style-439-outer style-local-361-c4-outer\">\n            <div data-colibri-id=\"361-c4\" class=\"d-flex h-flex-basis h-column__inner h-px-lg-2 h-px-md-2 h-px-2 v-inner-lg-2 v-inner-md-2 v-inner-2 style-439 style-local-361-c4 position-relative\">\n              <!---->\n              <!---->\n              <div class=\"w-100 h-y-container h-column__content h-column__v-align flex-basis-100 align-self-lg-start align-self-md-start align-self-start\">\n                <!---->\n                <div data-colibri-id=\"361-c5\" class=\"style-440 style-local-361-c5 position-relative h-element\">\n                  <!---->\n                  <div>\n                    <p style=\"text-align: left;\"><strong><span style=\"font-family: arial, helvetica, sans-serif; font-size: 12pt; color: #000000;\">1. Tipps, wie Ihr Fahrzeug auf Anhieb die HU-Plakette bekommt<\/span><\/strong><\/p>\n                    <p style=\"text-align: left;\"><span style=\"font-family: arial, helvetica, sans-serif;\">Wenn Ihr Auto oder Motorrad die HU nicht besteht, m\u00fcssen Sie erneut vorfahren. <\/span>\n                      <br><span style=\"font-family: arial, helvetica, sans-serif;\">Das verursacht Stress und Kosten. Schauen Sie sich Ihr Kfz vor dem Termin deshalb ganz genau an und lassen Sie z. B. defekte Leuchten, blinde Spiegel oder eine besch\u00e4digte Frontscheibe reparieren.<\/span><\/p>\n                    <p style=\"text-align: left;\"><span style=\"font-family: arial, helvetica, sans-serif;\">Viele M\u00e4ngel und Sch\u00e4den sind allerdings f\u00fcr Laien nicht erkennbar. Bevor Sie die Hauptuntersuchung durchf\u00fchren lassen, besuchen Sie am besten eine Fachwerkstatt Ihres Vertrauens.<\/span><\/p>\n                    <p><span style=\"font-family: arial, helvetica, sans-serif;\">Die GT\u00dc stellt f\u00fcr Sie diverse Checklisten f\u00fcr Pkw, Motorr\u00e4der, Caravan, etc. zum Download bereit: <a href=\"https:\/\/www.gtue.de\/Privatkunden\/Publikationen\/Checklisten\/55793.html\" target=\"_blank\" rel=\"noopener noreferrer\"><span style=\"color: #a00300;\"><strong><span style=\"font-size: 10.5pt; font-family: 'Arial','sans-serif';\">GT\u00dc Checklisten<\/span><\/strong>\n                      <\/span>\n                      <\/a>&nbsp;Gehen Sie einfach die Checkliste Punkt f\u00fcr Punkt durch. Wenn Sie alle Fragen mit Ja beantworten k\u00f6nnen, d\u00fcrfte die Hauptuntersuchung f\u00fcr Ihr Kfz kein Problem sein!<\/span>\n                    <\/p>\n                    <p style=\"text-align: left;\"><span style=\"font-size: 12pt;\"><strong><span style=\"font-family: arial, helvetica, sans-serif; color: #000000;\">2. Nachweis einer Hauptuntersuchung ersetzt aufwendiges Vollgutachten<\/span><\/strong>\n                      <\/span>\n                    <\/p>\n                    <p><span style=\"font-size: 12pt; line-height: 150%; font-family: Arial, sans-serif;\">Mit der &#8222;Neuordnung des Rechts der Zulassung von Fahrzeugen zum Stra\u00dfenverkehr&#8220; hat die Bundesregierung das &#8222;Pr\u00fcf- und Zulassungsverfahren von Fahrzeugen im Stra\u00dfenverkehr&#8220; vereinfacht und beschleunigt. Damit k\u00f6nnen nun auch die Pr\u00fcfingenieure der GT\u00dc (neben Pr\u00fcforganisationen wie T\u00dcV oder DEKRA) Fahrzeuge, die l\u00e4nger als 18 Monate abgemeldet waren, im Rahmen einer Hauptuntersuchung gem\u00e4\u00df \u00a7 29 StVZO (HU) pr\u00fcfen. Dies gilt auch f\u00fcr Fahrzeuge, die bereits vor dem 1. M\u00e4rz 2007 stillgelegt wurden. Damit ist der Weg frei f\u00fcr eine Wiederzulassung &#8211; ohne aufw\u00e4ndiges &#8222;Vollgutachten&#8220;.<\/span><\/p>\n                    <p><span style=\"font-size: 10pt; color: #b00707;\"><a style=\"color: #b00707;\" href=\"https:\/\/www.gtue.de\/Privatkunden\/Publikationen\/55860.html\" target=\"_blank\" rel=\"noopener noreferrer\"><strong><span style=\"font-family: Arial, sans-serif;\">Link zu den Ratgebern<\/span><\/strong>\n                      <\/a>\n                      <\/span>\n                      <br>\n                      <a href=\"https:\/\/safetycar.nrw\/wp-content\/uploads\/2020\/08\/hu-checkliste_pkw.pdf\" target=\"_blank\" rel=\"noopener noreferrer\"><span style=\"color: #ba0707;\"><strong><span style=\"font-family: arial, helvetica, sans-serif; font-size: 10pt;\">Checkliste zur Vorbereitung auf die Hauptuntersuchung<\/span><\/strong>\n                        <\/span>\n                      <\/a>\n                    <\/p>\n\n                    \n                    <p><\/p>\n                    \n                  <\/div>\n                <\/div>\n              <\/div>\n            <\/div>\n          <\/div>\n        <\/div>\n      <\/div>\n    <\/div>\n  <\/div>\n<\/div>","protected":false},"excerpt":{"rendered":"<p>1. Tipps, wie Ihr Fahrzeug auf Anhieb die HU-Plakette bekommt Wenn Ihr Auto oder Motorrad die HU nicht besteht, m\u00fcssen Sie erneut vorfahren. Das verursacht Stress und Kosten. Schauen Sie sich Ihr Kfz vor dem Termin deshalb ganz genau an und lassen Sie z. B. defekte Leuchten, blinde Spiegel oder eine besch\u00e4digte Frontscheibe reparieren. Viele [&hellip;]<\/p>\n","protected":false},"author":1,"featured_media":0,"parent":0,"menu_order":0,"comment_status":"closed","ping_status":"closed","template":"page-templates\/full-width-page.php","meta":{"footnotes":""},"class_list":["post-361","page","type-page","status-publish","hentry"],"_links":{"self":[{"href":"https:\/\/safetycar.nrw\/index.php?rest_route=\/wp\/v2\/pages\/361"}],"collection":[{"href":"https:\/\/safetycar.nrw\/index.php?rest_route=\/wp\/v2\/pages"}],"about":[{"href":"https:\/\/safetycar.nrw\/index.php?rest_route=\/wp\/v2\/types\/page"}],"author":[{"embeddable":true,"href":"https:\/\/safetycar.nrw\/index.php?rest_route=\/wp\/v2\/users\/1"}],"replies":[{"embeddable":true,"href":"https:\/\/safetycar.nrw\/index.php?rest_route=%2Fwp%2Fv2%2Fcomments&post=361"}],"version-history":[{"count":20,"href":"https:\/\/safetycar.nrw\/index.php?rest_route=\/wp\/v2\/pages\/361\/revisions"}],"predecessor-version":[{"id":1826,"href":"https:\/\/safetycar.nrw\/index.php?rest_route=\/wp\/v2\/pages\/361\/revisions\/1826"}],"wp:attachment":[{"href":"https:\/\/safetycar.nrw\/index.php?rest_route=%2Fwp%2Fv2%2Fmedia&parent=361"}],"curies":[{"name":"wp","href":"https:\/\/api.w.org\/{rel}","templated":true}]}}