{"id":36,"date":"2020-08-12T06:43:25","date_gmt":"2020-08-12T06:43:25","guid":{"rendered":"https:\/\/safetycar.nrw\/?page_id=36"},"modified":"2024-07-29T12:08:03","modified_gmt":"2024-07-29T12:08:03","slug":"kontakt","status":"publish","type":"page","link":"https:\/\/safetycar.nrw\/?page_id=36","title":{"rendered":"Kontakt"},"content":{"rendered":"<div data-colibri-id=\"36-c1\" class=\"style-451 style-local-36-c1 position-relative\">\n  <!---->\n  <div data-colibri-component=\"section\" data-colibri-id=\"36-c2\" id=\"initial-content\" class=\"h-section h-section-global-spacing d-flex align-items-lg-center align-items-md-center align-items-center style-452 style-local-36-c2 position-relative\">\n    <!---->\n    <!---->\n    <div class=\"h-section-grid-container h-section-boxed-container\">\n      <!---->\n      <div data-colibri-id=\"36-c3\" class=\"h-row-container gutters-row-lg-2 gutters-row-md-2 gutters-row-0 gutters-row-v-lg-2 gutters-row-v-md-2 gutters-row-v-2 style-453 style-local-36-c3 position-relative\">\n        <!---->\n        <div class=\"h-row justify-content-lg-center justify-content-md-center justify-content-center align-items-lg-stretch align-items-md-stretch align-items-stretch gutters-col-lg-2 gutters-col-md-2 gutters-col-0 gutters-col-v-lg-2 gutters-col-v-md-2 gutters-col-v-2\">\n          <!---->\n          <div class=\"h-column h-column-container d-flex h-col-lg-auto h-col-md-auto h-col-auto style-454-outer style-local-36-c4-outer\">\n            <div data-colibri-id=\"36-c4\" class=\"d-flex h-flex-basis h-column__inner h-px-lg-2 h-px-md-2 h-px-2 v-inner-lg-2 v-inner-md-2 v-inner-2 style-454 style-local-36-c4 position-relative\">\n              <!---->\n              <!---->\n              <div class=\"w-100 h-y-container h-column__content h-column__v-align flex-basis-100 align-self-lg-start align-self-md-start align-self-start\">\n                <!---->\n                <div data-colibri-id=\"36-c5\" class=\"style-455 style-local-36-c5 position-relative h-element\">\n                  <!---->\n                  <div>\n                    <p><strong><span style=\"font-family: arial, helvetica, sans-serif;\">Ingenieurb\u00fcro Safety Car<\/span><\/strong><\/p>\n                    <p><strong><span style=\"font-family: arial, helvetica, sans-serif;\">Germaniastr. 3<br>51103 K\u00f6ln<\/span><\/strong><\/p>\n                    <p><strong><span style=\"font-family: arial, helvetica, sans-serif;\">\u00d6ffnungszeiten: Mo-Fr 09:00 &#8211; 18:00 Uhr <span style=\"color: #ad0303;\"><em>\/<\/em><\/span>&nbsp; Sa 09:00 &#8211; 14:00 Uhr<\/span><\/strong><\/p>\n                    <p><span style=\"font-family: arial, helvetica, sans-serif;\">Telefon: 0221 \/ 880 59 880<\/span>\n                      <br data-rich-text-line-break=\"true\"><span style=\"font-family: arial, helvetica, sans-serif;\">E-Mail: info(@) safetycar.nrw<\/span>\n                      <br data-rich-text-line-break=\"true\"><span style=\"font-family: arial, helvetica, sans-serif;\">Internet: http:\/\/www. safetycar.nrw<\/span><\/p>\n\n                    \n                    <iframe loading=\"lazy\" src=\"https:\/\/www.google.com\/maps\/embed?pb=!1m18!1m12!1m3!1d2514.032632027239!2d7.0160257159094845!3d50.941609559732996!2m3!1f0!2f0!3f0!3m2!1i1024!2i768!4f13.1!3m3!1m2!1s0x47bf266918f060c1%3A0x237143d4aaf325cf!2sGT%C3%9C-Pr%C3%BCfstelle%20%2F%20Ingenieurb%C3%BCro%20Safety%20Car%20%2F%20Dipl.%20Ing.%20A.%20Rahmani!5e0!3m2!1sde!2sde!4v1598006715954!5m2!1sde!2sde\"\n                      width=\"600\" height=\"450\" frameborder=\"0\" style=\"border:0;\" allowfullscreen=\"\" aria-hidden=\"false\" tabindex=\"0\"><\/iframe>\n                    \n                  <\/div>\n                <\/div>\n              <\/div>\n            <\/div>\n          <\/div>\n        <\/div>\n      <\/div>\n    <\/div>\n  <\/div>\n<\/div>","protected":false},"excerpt":{"rendered":"<p>Ingenieurb\u00fcro Safety Car Germaniastr. 351103 K\u00f6ln \u00d6ffnungszeiten: Mo-Fr 09:00 &#8211; 18:00 Uhr \/&nbsp; Sa 09:00 &#8211; 14:00 Uhr Telefon: 0221 \/ 880 59 880 E-Mail: info(@) safetycar.nrw Internet: http:\/\/www. safetycar.nrw<\/p>\n","protected":false},"author":1,"featured_media":0,"parent":0,"menu_order":0,"comment_status":"closed","ping_status":"closed","template":"page-templates\/full-width-page.php","meta":{"footnotes":""},"class_list":["post-36","page","type-page","status-publish","hentry"],"_links":{"self":[{"href":"https:\/\/safetycar.nrw\/index.php?rest_route=\/wp\/v2\/pages\/36"}],"collection":[{"href":"https:\/\/safetycar.nrw\/index.php?rest_route=\/wp\/v2\/pages"}],"about":[{"href":"https:\/\/safetycar.nrw\/index.php?rest_route=\/wp\/v2\/types\/page"}],"author":[{"embeddable":true,"href":"https:\/\/safetycar.nrw\/index.php?rest_route=\/wp\/v2\/users\/1"}],"replies":[{"embeddable":true,"href":"https:\/\/safetycar.nrw\/index.php?rest_route=%2Fwp%2Fv2%2Fcomments&post=36"}],"version-history":[{"count":20,"href":"https:\/\/safetycar.nrw\/index.php?rest_route=\/wp\/v2\/pages\/36\/revisions"}],"predecessor-version":[{"id":1598,"href":"https:\/\/safetycar.nrw\/index.php?rest_route=\/wp\/v2\/pages\/36\/revisions\/1598"}],"wp:attachment":[{"href":"https:\/\/safetycar.nrw\/index.php?rest_route=%2Fwp%2Fv2%2Fmedia&parent=36"}],"curies":[{"name":"wp","href":"https:\/\/api.w.org\/{rel}","templated":true}]}}