{"id":35,"date":"2020-08-12T06:40:03","date_gmt":"2020-08-12T06:40:03","guid":{"rendered":"https:\/\/safetycar.nrw\/?page_id=35"},"modified":"2024-07-30T12:27:06","modified_gmt":"2024-07-30T12:27:06","slug":"amtliche-dienstleistungen","status":"publish","type":"page","link":"https:\/\/safetycar.nrw\/?page_id=35","title":{"rendered":"Amtliche Dienstleistungen"},"content":{"rendered":"<div data-colibri-id=\"35-c1\" class=\"style-394 style-local-35-c1 position-relative\">\n  <!---->\n  <div data-colibri-component=\"section\" data-colibri-id=\"35-c2\" id=\"initial-content\" class=\"h-section h-section-global-spacing d-flex align-items-lg-center align-items-md-center align-items-center style-395 style-local-35-c2 position-relative\">\n    <!---->\n    <!---->\n    <div class=\"h-section-grid-container h-section-boxed-container\">\n      <!---->\n      <div data-colibri-id=\"35-c3\" class=\"h-row-container gutters-row-lg-2 gutters-row-md-2 gutters-row-0 gutters-row-v-lg-2 gutters-row-v-md-2 gutters-row-v-2 style-396 style-local-35-c3 position-relative\">\n        <!---->\n        <div class=\"h-row justify-content-lg-center justify-content-md-center justify-content-center align-items-lg-stretch align-items-md-stretch align-items-stretch gutters-col-lg-2 gutters-col-md-2 gutters-col-0 gutters-col-v-lg-2 gutters-col-v-md-2 gutters-col-v-2\">\n          <!---->\n          <div class=\"h-column h-column-container d-flex h-col-lg-auto h-col-md-auto h-col-auto style-397-outer style-local-35-c4-outer\">\n            <div data-colibri-id=\"35-c4\" class=\"d-flex h-flex-basis h-column__inner h-px-lg-2 h-px-md-2 h-px-2 v-inner-lg-2 v-inner-md-2 v-inner-2 style-397 style-local-35-c4 position-relative\">\n              <!---->\n              <!---->\n              <div class=\"w-100 h-y-container h-column__content h-column__v-align flex-basis-100 align-self-lg-start align-self-md-start align-self-start\">\n                <!---->\n                <div data-colibri-id=\"35-c5\" class=\"style-398 style-local-35-c5 position-relative h-element\">\n                  <!---->\n                  <div>\n                    <p style=\"line-height: 115%; text-align: left;\"><strong><span style=\"font-size: 11.0pt; line-height: 115%; font-family: 'Arial','sans-serif';\">Als GT\u00dc-Vertragspartner bieten wir Ihnen folgende Pr\u00fcfleistungen der gesetzlich vorgeschriebenen Verkehrssicherheitspr\u00fcfungen an:<\/span><\/strong><\/p>\n                    <p style=\"line-height: 115%; text-align: left;\"><span style=\"font-size: 11.0pt; line-height: 115%; font-family: 'Arial','sans-serif';\"><em><strong><span style=\"color: #b40505;\">\/<\/span><\/strong>\n                      <\/em>&nbsp; Hauptuntersuchung mit Abgaspr\u00fcfung (&#8222;AU \/ UMA&#8220;) gem. \u00a7 29 StVZO<\/span>\n                    <\/p>\n                    <p style=\"line-height: 115%; text-align: left;\"><span style=\"font-size: 11.0pt; line-height: 115%; font-family: 'Arial','sans-serif';\"><em><strong><span style=\"color: #b40505;\">\/&nbsp;<\/span><\/strong>\n                      <\/em> Personenbef\u00f6rderung (BOKraft-Pr\u00fcfung f\u00fcr Taxi \/ Mietwagen)<\/span>\n                    <\/p>\n                    <p style=\"line-height: 115%; text-align: left;\"><span style=\"font-size: 11.0pt; line-height: 115%; font-family: 'Arial','sans-serif';\"><em><strong><span style=\"color: #b40505;\">\/<\/span><\/strong>\n                      <\/em>&nbsp; Gaspr\u00fcfungen GSP \/ GAP \/ GWP<\/span>\n                    <\/p>\n                    <p style=\"line-height: 115%; text-align: left;\"><span style=\"font-size: 11.0pt; line-height: 115%; font-family: 'Arial','sans-serif';\"><em><strong><span style=\"color: #b40505;\">\/<\/span><\/strong>\n                      <\/em>&nbsp; Anbaupr\u00fcfung \/ \u00c4nderungsabnahme gem. \u00a7 19 StVZO<\/span>\n                    <\/p>\n                    <p style=\"line-height: 115%; text-align: left;\"><span style=\"font-size: 11.0pt; line-height: 115%; font-family: 'Arial','sans-serif';\"><em><strong><span style=\"color: #b40505;\">\/&nbsp;<\/span><\/strong>\n                      <\/em> H-Kennzeichen f\u00fcr Oldtimer (Gutachten gem. \u00a723 StVZO)<\/span>\n                    <\/p>\n                  <\/div>\n                <\/div>\n              <\/div>\n            <\/div>\n          <\/div>\n        <\/div>\n      <\/div>\n    <\/div>\n  <\/div>\n<\/div>","protected":false},"excerpt":{"rendered":"<p>Als GT\u00dc-Vertragspartner bieten wir Ihnen folgende Pr\u00fcfleistungen der gesetzlich vorgeschriebenen Verkehrssicherheitspr\u00fcfungen an: \/ &nbsp; Hauptuntersuchung mit Abgaspr\u00fcfung (&#8222;AU \/ UMA&#8220;) gem. \u00a7 29 StVZO \/&nbsp; Personenbef\u00f6rderung (BOKraft-Pr\u00fcfung f\u00fcr Taxi \/ Mietwagen) \/ &nbsp; Gaspr\u00fcfungen GSP \/ GAP \/ GWP \/ &nbsp; Anbaupr\u00fcfung \/ \u00c4nderungsabnahme gem. \u00a7 19 StVZO \/&nbsp; H-Kennzeichen f\u00fcr Oldtimer (Gutachten gem. \u00a723 [&hellip;]<\/p>\n","protected":false},"author":1,"featured_media":0,"parent":0,"menu_order":0,"comment_status":"closed","ping_status":"closed","template":"page-templates\/full-width-page.php","meta":{"footnotes":""},"class_list":["post-35","page","type-page","status-publish","hentry"],"_links":{"self":[{"href":"https:\/\/safetycar.nrw\/index.php?rest_route=\/wp\/v2\/pages\/35"}],"collection":[{"href":"https:\/\/safetycar.nrw\/index.php?rest_route=\/wp\/v2\/pages"}],"about":[{"href":"https:\/\/safetycar.nrw\/index.php?rest_route=\/wp\/v2\/types\/page"}],"author":[{"embeddable":true,"href":"https:\/\/safetycar.nrw\/index.php?rest_route=\/wp\/v2\/users\/1"}],"replies":[{"embeddable":true,"href":"https:\/\/safetycar.nrw\/index.php?rest_route=%2Fwp%2Fv2%2Fcomments&post=35"}],"version-history":[{"count":20,"href":"https:\/\/safetycar.nrw\/index.php?rest_route=\/wp\/v2\/pages\/35\/revisions"}],"predecessor-version":[{"id":2030,"href":"https:\/\/safetycar.nrw\/index.php?rest_route=\/wp\/v2\/pages\/35\/revisions\/2030"}],"wp:attachment":[{"href":"https:\/\/safetycar.nrw\/index.php?rest_route=%2Fwp%2Fv2%2Fmedia&parent=35"}],"curies":[{"name":"wp","href":"https:\/\/api.w.org\/{rel}","templated":true}]}}