{"id":242,"date":"2020-08-12T12:14:16","date_gmt":"2020-08-12T12:14:16","guid":{"rendered":"https:\/\/safetycar.nrw\/?page_id=242"},"modified":"2024-07-30T09:25:42","modified_gmt":"2024-07-30T09:25:42","slug":"safety-car","status":"publish","type":"page","link":"https:\/\/safetycar.nrw\/?page_id=242","title":{"rendered":"Safety Car"},"content":{"rendered":"<div data-colibri-id=\"242-c1\" class=\"style-441 style-local-242-c1 position-relative\">\n  <!---->\n  <div data-colibri-component=\"section\" data-colibri-id=\"242-c2\" id=\"initial-content\" class=\"h-section h-section-global-spacing d-flex align-items-lg-center align-items-md-center align-items-center style-442 style-local-242-c2 position-relative\">\n    <!---->\n    <!---->\n    <div class=\"h-section-grid-container h-section-boxed-container\">\n      <!---->\n      <div data-colibri-id=\"242-c3\" class=\"h-row-container gutters-row-lg-2 gutters-row-md-2 gutters-row-0 gutters-row-v-lg-2 gutters-row-v-md-2 gutters-row-v-2 style-443 style-local-242-c3 position-relative\">\n        <!---->\n        <div class=\"h-row justify-content-lg-center justify-content-md-center justify-content-center align-items-lg-stretch align-items-md-stretch align-items-stretch gutters-col-lg-2 gutters-col-md-2 gutters-col-0 gutters-col-v-lg-2 gutters-col-v-md-2 gutters-col-v-2\">\n          <!---->\n          <div class=\"h-column h-column-container d-flex h-col-lg-auto h-col-md-auto h-col-auto style-444-outer style-local-242-c4-outer\">\n            <div data-colibri-id=\"242-c4\" class=\"d-flex h-flex-basis h-column__inner h-px-lg-2 h-px-md-2 h-px-2 v-inner-lg-2 v-inner-md-2 v-inner-2 style-444 style-local-242-c4 position-relative\">\n              <!---->\n              <!---->\n              <div class=\"w-100 h-y-container h-column__content h-column__v-align flex-basis-100 align-self-lg-start align-self-md-start align-self-start\">\n                <!---->\n                <div data-colibri-id=\"242-c5\" class=\"style-445 style-local-242-c5 position-relative h-element\">\n                  <!---->\n                  <div>\n                    <p style=\"text-align: left;\"><span style=\"font-family: arial, helvetica, sans-serif;\">Das Ingenieurb\u00fcro Safety Car ist Ihr Ansprechpartner f\u00fcr folgende Leistungen:<\/span><\/p>\n                    <p style=\"text-align: left;\"><span style=\"font-family: arial, helvetica, sans-serif;\"><em><strong><span style=\"color: #993300;\">\/<\/span><\/strong>\n                      <\/em>&nbsp; Ihr Kfz ben\u00f6tigt eine neue HU\/AU-Plakette (fr\u00fcher: \u201eT\u00dcV\u201c)<\/span>\n                    <\/p>\n                    <p style=\"text-align: left;\"><span style=\"font-family: arial, helvetica, sans-serif;\"><em><strong><span style=\"color: #993300;\">\/<\/span><\/strong>\n                      <\/em>&nbsp; Im Kfz-Schadensfall ben\u00f6tigen Sie einen Gutachter<\/span>\n                    <\/p>\n                    <p style=\"text-align: left;\"><span style=\"font-family: arial, helvetica, sans-serif;\"><em><strong><span style=\"color: #993300;\">\/<\/span><\/strong>\n                      <\/em>&nbsp; Sie m\u00f6chten einen gebrauchten Wagen kaufen und brauchen eine solide <\/span><span style=\"font-family: arial, helvetica, sans-serif;\">Experten-Meinung<\/span><\/p>\n                    <p><span style=\"font-family: arial, helvetica, sans-serif; font-size: 10pt; color: #a00306;\">Kommen Sie gerne bei uns vorbei, wir freuen uns auf Ihren Besuch!<br><\/span><span style=\"font-family: arial, helvetica, sans-serif; font-size: 10pt;\"><span style=\"font-family: arial, helvetica, sans-serif; color: #a00303;\">Safetycar: Sicherheit und kompetenter Service stehen bei uns an erster Stelle<\/span><\/span>\n                    <\/p>\n                    <p style=\"text-align: left;\"><span style=\"font-family: arial, helvetica, sans-serif;\">Als <strong><span style=\"color: #a30303;\">GT\u00dc<\/span><\/strong>-Vertragspartner sind wir im amtlichen Bereich seit vielen Jahren Wettbewerber von T\u00dcV und DEKRA und setzen im Namen\n                      und auf Rechnung der <strong><span style=\"color: #a00309;\">GT\u00dc<\/span><\/strong> (Gesellschaft f\u00fcr Technische \u00dcberwachung mbH) amtliche Pr\u00fcfungen sowie z. B. die Hauptuntersuchung inkl. &#8222;AU&#8220; f\u00fcr Sie um.<\/span>\n                    <\/p>\n                    <p style=\"text-align: left;\"><span style=\"font-family: arial, helvetica, sans-serif;\">Mitglied der Arbeitsgemeinschaft der Kfz-Sachverst\u00e4ndigen e. V. (ags)<\/span><\/p>\n\n                    \n                    <p><\/p>\n                    \n                  <\/div>\n                <\/div>\n              <\/div>\n            <\/div>\n          <\/div>\n        <\/div>\n      <\/div>\n    <\/div>\n  <\/div>\n<\/div>","protected":false},"excerpt":{"rendered":"<p>Das Ingenieurb\u00fcro Safety Car ist Ihr Ansprechpartner f\u00fcr folgende Leistungen: \/ &nbsp; Ihr Kfz ben\u00f6tigt eine neue HU\/AU-Plakette (fr\u00fcher: \u201eT\u00dcV\u201c) \/ &nbsp; Im Kfz-Schadensfall ben\u00f6tigen Sie einen Gutachter \/ &nbsp; Sie m\u00f6chten einen gebrauchten Wagen kaufen und brauchen eine solide Experten-Meinung Kommen Sie gerne bei uns vorbei, wir freuen uns auf Ihren Besuch!Safetycar: Sicherheit und [&hellip;]<\/p>\n","protected":false},"author":1,"featured_media":0,"parent":0,"menu_order":0,"comment_status":"closed","ping_status":"closed","template":"page-templates\/full-width-page.php","meta":{"footnotes":""},"class_list":["post-242","page","type-page","status-publish","hentry"],"_links":{"self":[{"href":"https:\/\/safetycar.nrw\/index.php?rest_route=\/wp\/v2\/pages\/242"}],"collection":[{"href":"https:\/\/safetycar.nrw\/index.php?rest_route=\/wp\/v2\/pages"}],"about":[{"href":"https:\/\/safetycar.nrw\/index.php?rest_route=\/wp\/v2\/types\/page"}],"author":[{"embeddable":true,"href":"https:\/\/safetycar.nrw\/index.php?rest_route=\/wp\/v2\/users\/1"}],"replies":[{"embeddable":true,"href":"https:\/\/safetycar.nrw\/index.php?rest_route=%2Fwp%2Fv2%2Fcomments&post=242"}],"version-history":[{"count":20,"href":"https:\/\/safetycar.nrw\/index.php?rest_route=\/wp\/v2\/pages\/242\/revisions"}],"predecessor-version":[{"id":1854,"href":"https:\/\/safetycar.nrw\/index.php?rest_route=\/wp\/v2\/pages\/242\/revisions\/1854"}],"wp:attachment":[{"href":"https:\/\/safetycar.nrw\/index.php?rest_route=%2Fwp%2Fv2%2Fmedia&parent=242"}],"curies":[{"name":"wp","href":"https:\/\/api.w.org\/{rel}","templated":true}]}}